{"id":15,"date":"2026-04-12T21:43:29","date_gmt":"2026-04-12T21:43:29","guid":{"rendered":"https:\/\/info-pms.de\/ueber\/"},"modified":"2026-04-12T22:44:00","modified_gmt":"2026-04-12T22:44:00","slug":"ueber","status":"publish","type":"page","link":"https:\/\/info-pms.de\/en\/ueber\/","title":{"rendered":"\u00dcber uns"},"content":{"rendered":"<div class=\"wp-block-group alignfull is-style-ext-preset--group--natural-1--section has-background-background-color has-background has-global-padding is-layout-constrained wp-container-core-group-is-layout-843e5a6d wp-block-group-is-layout-constrained\" id=\"ueber\" style=\"margin-top:0;margin-bottom:0;padding-top:var(--wp--preset--spacing--70);padding-bottom:var(--wp--preset--spacing--70)\">\n<h2 class=\"wp-block-heading has-text-align-center ext-animate--on\">Zuverl\u00e4ssige L\u00f6sungen f\u00fcr Privatpersonen und Unternehmen in Deutschland<\/h2>\n\n\n\n<p class=\"has-text-align-center ext-animate--on\" style=\"margin-top:1.5rem\">Unsere Mission bei PMS| ProManageSolution ist es, effiziente Verwaltungshilfen und ma\u00dfgeschneiderte Services anzubieten, die den Alltag erleichtern und den Gesch\u00e4ftserfolg f\u00f6rdern.<\/p>\n\n\n\n<figure class=\"wp-block-image is-style-ext-preset-image-natural-1-image-1--content-any is-style-ext-preset--image--natural-1--image-1--content-any ext-animate--on is-style-ext-preset--image--natural-1--image-1--content-any--2\"><img loading=\"lazy\" decoding=\"async\" width=\"1440\" height=\"960\" src=\"https:\/\/info-pms.de\/wp-content\/uploads\/2026\/04\/991c4a3f2c1025a79dc6e8aa0b23216404be8f4c.jpg\" alt=\"\" class=\"wp-image-32\" style=\"aspect-ratio:16\/9;object-fit:cover\" srcset=\"https:\/\/info-pms.de\/wp-content\/uploads\/2026\/04\/991c4a3f2c1025a79dc6e8aa0b23216404be8f4c.jpg 1440w, https:\/\/info-pms.de\/wp-content\/uploads\/2026\/04\/991c4a3f2c1025a79dc6e8aa0b23216404be8f4c-300x200.jpg 300w, https:\/\/info-pms.de\/wp-content\/uploads\/2026\/04\/991c4a3f2c1025a79dc6e8aa0b23216404be8f4c-1024x683.jpg 1024w, https:\/\/info-pms.de\/wp-content\/uploads\/2026\/04\/991c4a3f2c1025a79dc6e8aa0b23216404be8f4c-768x512.jpg 768w, https:\/\/info-pms.de\/wp-content\/uploads\/2026\/04\/991c4a3f2c1025a79dc6e8aa0b23216404be8f4c-18x12.jpg 18w\" sizes=\"auto, (max-width: 1440px) 100vw, 1440px\" \/><\/figure>\n<\/div>\n\n\n\n<div class=\"wp-block-group alignfull is-style-ext-preset--group--natural-1--section has-tertiary-background-color has-background has-global-padding is-layout-constrained wp-container-core-group-is-layout-e955bbaf wp-block-group-is-layout-constrained\" id=\"funktionen\" style=\"margin-top:0;margin-bottom:0;padding-top:var(--wp--preset--spacing--70);padding-bottom:var(--wp--preset--spacing--70)\">\n<h2 class=\"wp-block-heading has-text-align-center ext-animate--on\">Arabisch-Deutsche \u00dcbersetzungsdienste<\/h2>\n\n\n\n<p class=\"has-text-align-center ext-animate--on\" style=\"margin-top:1.5rem\">Wir bieten ma\u00dfgeschneiderte L\u00f6sungen f\u00fcr Privatpersonen und Unternehmen, die effiziente Verwaltung, zuverl\u00e4ssige \u00dcbersetzungen und professionelle Unterst\u00fctzung ben\u00f6tigen.<\/p>\n\n\n\n<div class=\"wp-block-columns alignwide is-layout-flex wp-container-core-columns-is-layout-08c01c1c wp-block-columns-is-layout-flex\">\n<div class=\"wp-block-column ext-animate--on is-layout-flow wp-block-column-is-layout-flow\">\n<div class=\"wp-block-group is-style-ext-preset--group--natural-1--item-card-1--align-center has-global-padding is-layout-constrained wp-block-group-is-layout-constrained is-style-ext-preset--group--natural-1--item-card-1--align-center--4\">\n<figure class=\"wp-block-image\"><img loading=\"lazy\" decoding=\"async\" width=\"1440\" height=\"932\" src=\"https:\/\/info-pms.de\/wp-content\/uploads\/2026\/04\/5ceb825348109169ce411f472ff808dd66dacfd7.jpg\" alt=\"\" class=\"wp-image-33\" style=\"aspect-ratio:4\/3;object-fit:cover\" srcset=\"https:\/\/info-pms.de\/wp-content\/uploads\/2026\/04\/5ceb825348109169ce411f472ff808dd66dacfd7.jpg 1440w, https:\/\/info-pms.de\/wp-content\/uploads\/2026\/04\/5ceb825348109169ce411f472ff808dd66dacfd7-300x194.jpg 300w, https:\/\/info-pms.de\/wp-content\/uploads\/2026\/04\/5ceb825348109169ce411f472ff808dd66dacfd7-1024x663.jpg 1024w, https:\/\/info-pms.de\/wp-content\/uploads\/2026\/04\/5ceb825348109169ce411f472ff808dd66dacfd7-768x497.jpg 768w, https:\/\/info-pms.de\/wp-content\/uploads\/2026\/04\/5ceb825348109169ce411f472ff808dd66dacfd7-18x12.jpg 18w\" sizes=\"auto, (max-width: 1440px) 100vw, 1440px\" \/><\/figure>\n\n\n\n<div class=\"wp-block-group is-style-default has-global-padding is-layout-constrained wp-block-group-is-layout-constrained\">\n<h3 class=\"wp-block-heading has-text-align-center\">Verwaltungsservice<\/h3>\n\n\n\n<p class=\"has-text-align-center\">Wir helfen bei der Organisation und Bearbeitung Ihrer administrativen Aufgaben.<\/p>\n<\/div>\n<\/div>\n<\/div>\n\n\n\n<div class=\"wp-block-column ext-animate--on is-layout-flow wp-block-column-is-layout-flow\">\n<div class=\"wp-block-group is-style-ext-preset--group--natural-1--item-card-1--align-center has-global-padding is-layout-constrained wp-block-group-is-layout-constrained is-style-ext-preset--group--natural-1--item-card-1--align-center--5\">\n<figure class=\"wp-block-image\"><img loading=\"lazy\" decoding=\"async\" width=\"1440\" height=\"960\" src=\"https:\/\/info-pms.de\/wp-content\/uploads\/2026\/04\/991c4a3f2c1025a79dc6e8aa0b23216404be8f4c.jpg\" alt=\"\" class=\"wp-image-32\" style=\"aspect-ratio:4\/3;object-fit:cover\" srcset=\"https:\/\/info-pms.de\/wp-content\/uploads\/2026\/04\/991c4a3f2c1025a79dc6e8aa0b23216404be8f4c.jpg 1440w, https:\/\/info-pms.de\/wp-content\/uploads\/2026\/04\/991c4a3f2c1025a79dc6e8aa0b23216404be8f4c-300x200.jpg 300w, https:\/\/info-pms.de\/wp-content\/uploads\/2026\/04\/991c4a3f2c1025a79dc6e8aa0b23216404be8f4c-1024x683.jpg 1024w, https:\/\/info-pms.de\/wp-content\/uploads\/2026\/04\/991c4a3f2c1025a79dc6e8aa0b23216404be8f4c-768x512.jpg 768w, https:\/\/info-pms.de\/wp-content\/uploads\/2026\/04\/991c4a3f2c1025a79dc6e8aa0b23216404be8f4c-18x12.jpg 18w\" sizes=\"auto, (max-width: 1440px) 100vw, 1440px\" \/><\/figure>\n\n\n\n<div class=\"wp-block-group is-style-default has-global-padding is-layout-constrained wp-block-group-is-layout-constrained\">\n<h3 class=\"wp-block-heading has-text-align-center\">Buchhaltungsvorbereitung<\/h3>\n\n\n\n<p class=\"has-text-align-center\">Unterst\u00fctzung bei der Vorbereitung Ihrer Finanzunterlagen f\u00fcr eine reibungslose Buchhaltung.<\/p>\n<\/div>\n<\/div>\n<\/div>\n\n\n\n<div class=\"wp-block-column ext-animate--on is-layout-flow wp-block-column-is-layout-flow\">\n<div class=\"wp-block-group is-style-ext-preset--group--natural-1--item-card-1--align-center has-global-padding is-layout-constrained wp-block-group-is-layout-constrained is-style-ext-preset--group--natural-1--item-card-1--align-center--6\">\n<figure class=\"wp-block-image\"><img loading=\"lazy\" decoding=\"async\" width=\"1440\" height=\"960\" src=\"https:\/\/info-pms.de\/wp-content\/uploads\/2026\/04\/0f97da83201bd7bf5c583666cb421bb564ad2464.jpg\" alt=\"\" class=\"wp-image-34\" style=\"aspect-ratio:4\/3;object-fit:cover\" srcset=\"https:\/\/info-pms.de\/wp-content\/uploads\/2026\/04\/0f97da83201bd7bf5c583666cb421bb564ad2464.jpg 1440w, https:\/\/info-pms.de\/wp-content\/uploads\/2026\/04\/0f97da83201bd7bf5c583666cb421bb564ad2464-300x200.jpg 300w, https:\/\/info-pms.de\/wp-content\/uploads\/2026\/04\/0f97da83201bd7bf5c583666cb421bb564ad2464-1024x683.jpg 1024w, https:\/\/info-pms.de\/wp-content\/uploads\/2026\/04\/0f97da83201bd7bf5c583666cb421bb564ad2464-768x512.jpg 768w, https:\/\/info-pms.de\/wp-content\/uploads\/2026\/04\/0f97da83201bd7bf5c583666cb421bb564ad2464-18x12.jpg 18w\" sizes=\"auto, (max-width: 1440px) 100vw, 1440px\" \/><\/figure>\n\n\n\n<div class=\"wp-block-group is-style-default has-global-padding is-layout-constrained wp-block-group-is-layout-constrained\">\n<h3 class=\"wp-block-heading has-text-align-center\">B\u00fcro- und Betriebsmanagement<\/h3>\n\n\n\n<p class=\"has-text-align-center\">Effiziente Unterst\u00fctzung bei der Organisation und Verwaltung Ihres Gesch\u00e4ftsbetriebs.<\/p>\n<\/div>\n<\/div>\n<\/div>\n<\/div>\n<\/div>\n\n\n\n<div class=\"wp-block-group alignfull is-style-ext-preset--group--natural-1--section has-background-background-color has-background has-global-padding is-layout-constrained wp-container-core-group-is-layout-e955bbaf wp-block-group-is-layout-constrained\" id=\"team\" style=\"margin-top:0;margin-bottom:0;padding-top:var(--wp--preset--spacing--70);padding-bottom:var(--wp--preset--spacing--70)\">\n<div class=\"wp-block-group alignwide ext-is-logical-start has-global-padding is-content-justification-left is-layout-constrained wp-container-core-group-is-layout-20186816 wp-block-group-is-layout-constrained\">\n<h2 class=\"wp-block-heading ext-animate--on\">Verwaltung leicht gemacht mit PMS<\/h2>\n\n\n\n<p class=\"ext-animate--on\">Unser engagiertes Team unterst\u00fctzt Sie kompetent bei administrativen und gesch\u00e4ftlichen Herausforderungen.<\/p>\n<\/div>\n<\/div>","protected":false},"excerpt":{"rendered":"<p>Zuverl\u00e4ssige L\u00f6sungen f\u00fcr Privatpersonen und Unternehmen in Deutschland Unsere Mission bei PMS| ProManageSolution ist es, effiziente Verwaltungshilfen und ma\u00dfgeschneiderte Services anzubieten, die den Alltag erleichtern und den Gesch\u00e4ftserfolg f\u00f6rdern. Arabisch-Deutsche \u00dcbersetzungsdienste Wir bieten ma\u00dfgeschneiderte L\u00f6sungen f\u00fcr Privatpersonen und Unternehmen, die effiziente Verwaltung, zuverl\u00e4ssige \u00dcbersetzungen und professionelle Unterst\u00fctzung ben\u00f6tigen. Verwaltungsservice Wir helfen bei der Organisation und [&hellip;]<\/p>\n","protected":false},"author":1,"featured_media":0,"parent":0,"menu_order":0,"comment_status":"closed","ping_status":"closed","template":"page-with-title","meta":{"footnotes":""},"class_list":["post-15","page","type-page","status-publish","hentry"],"_links":{"self":[{"href":"https:\/\/info-pms.de\/en\/wp-json\/wp\/v2\/pages\/15","targetHints":{"allow":["GET"]}}],"collection":[{"href":"https:\/\/info-pms.de\/en\/wp-json\/wp\/v2\/pages"}],"about":[{"href":"https:\/\/info-pms.de\/en\/wp-json\/wp\/v2\/types\/page"}],"author":[{"embeddable":true,"href":"https:\/\/info-pms.de\/en\/wp-json\/wp\/v2\/users\/1"}],"replies":[{"embeddable":true,"href":"https:\/\/info-pms.de\/en\/wp-json\/wp\/v2\/comments?post=15"}],"version-history":[{"count":4,"href":"https:\/\/info-pms.de\/en\/wp-json\/wp\/v2\/pages\/15\/revisions"}],"predecessor-version":[{"id":69,"href":"https:\/\/info-pms.de\/en\/wp-json\/wp\/v2\/pages\/15\/revisions\/69"}],"wp:attachment":[{"href":"https:\/\/info-pms.de\/en\/wp-json\/wp\/v2\/media?parent=15"}],"curies":[{"name":"wp","href":"https:\/\/api.w.org\/{rel}","templated":true}]}}