{"id":19,"date":"2026-04-12T21:43:30","date_gmt":"2026-04-12T21:43:30","guid":{"rendered":"https:\/\/info-pms.de\/dienstleistungen\/"},"modified":"2026-04-12T21:47:38","modified_gmt":"2026-04-12T21:47:38","slug":"dienstleistungen","status":"publish","type":"page","link":"https:\/\/info-pms.de\/en\/dienstleistungen\/","title":{"rendered":"Dienstleistungen"},"content":{"rendered":"<div class=\"wp-block-group alignfull is-style-ext-preset--group--natural-1--section has-background-background-color has-background has-global-padding is-layout-constrained wp-container-core-group-is-layout-e955bbaf wp-block-group-is-layout-constrained\" id=\"dienstleistungen\" style=\"margin-top:0;margin-bottom:0;padding-top:var(--wp--preset--spacing--70);padding-bottom:var(--wp--preset--spacing--70)\">\n<div class=\"wp-block-group alignwide ext-is-logical-start has-global-padding is-content-justification-left is-layout-constrained wp-container-core-group-is-layout-6729bdbe wp-block-group-is-layout-constrained\">\n<h2 class=\"wp-block-heading ext-animate--on\">Professionelle Verwaltungsunterst\u00fctzung f\u00fcr Privatpersonen und Unternehmen<\/h2>\n\n\n\n<p class=\"has-text-align-left ext-animate--on\">Unsere spezialisierten Leistungen reichen von administrativer Hilfe bis zur Buchhaltungsvorbereitung \u2013 stets mit Fokus auf Pr\u00e4zision und Kundenzufriedenheit.<\/p>\n<\/div>\n\n\n\n<div class=\"wp-block-columns alignwide is-layout-flex wp-container-core-columns-is-layout-08c01c1c wp-block-columns-is-layout-flex\">\n<div class=\"wp-block-column ext-animate--on is-layout-flow wp-block-column-is-layout-flow\">\n<div class=\"wp-block-group is-style-ext-preset--group--natural-1--item-card-1--align-start has-global-padding is-layout-constrained wp-block-group-is-layout-constrained is-style-ext-preset--group--natural-1--item-card-1--align-start--2\">\n<figure class=\"wp-block-image\"><img loading=\"lazy\" decoding=\"async\" width=\"1440\" height=\"932\" class=\"wp-image-33\" src=\"https:\/\/info-pms.de\/wp-content\/uploads\/2026\/04\/5ceb825348109169ce411f472ff808dd66dacfd7.jpg\" alt=\"\" style=\"aspect-ratio:4\/3;object-fit:cover\" srcset=\"https:\/\/info-pms.de\/wp-content\/uploads\/2026\/04\/5ceb825348109169ce411f472ff808dd66dacfd7.jpg 1440w, https:\/\/info-pms.de\/wp-content\/uploads\/2026\/04\/5ceb825348109169ce411f472ff808dd66dacfd7-300x194.jpg 300w, https:\/\/info-pms.de\/wp-content\/uploads\/2026\/04\/5ceb825348109169ce411f472ff808dd66dacfd7-1024x663.jpg 1024w, https:\/\/info-pms.de\/wp-content\/uploads\/2026\/04\/5ceb825348109169ce411f472ff808dd66dacfd7-768x497.jpg 768w, https:\/\/info-pms.de\/wp-content\/uploads\/2026\/04\/5ceb825348109169ce411f472ff808dd66dacfd7-18x12.jpg 18w\" sizes=\"auto, (max-width: 1440px) 100vw, 1440px\" \/><\/figure>\n\n\n\n<div class=\"wp-block-group is-style-default has-global-padding is-layout-constrained wp-block-group-is-layout-constrained\">\n<h3 class=\"wp-block-heading\">Verwaltungs- und Organisationshilfe<\/h3>\n\n\n\n<p>Diese Dienstleistung erleichtert Ihre Alltagsplanung durch effiziente und zuverl\u00e4ssige B\u00fcroorganisation.<\/p>\n<\/div>\n<\/div>\n<\/div>\n\n\n\n<div class=\"wp-block-column ext-animate--on is-layout-flow wp-block-column-is-layout-flow\">\n<div class=\"wp-block-group is-style-ext-preset--group--natural-1--item-card-1--align-start has-global-padding is-layout-constrained wp-block-group-is-layout-constrained is-style-ext-preset--group--natural-1--item-card-1--align-start--3\">\n<figure class=\"wp-block-image\"><img loading=\"lazy\" decoding=\"async\" width=\"1440\" height=\"960\" class=\"wp-image-32\" src=\"https:\/\/info-pms.de\/wp-content\/uploads\/2026\/04\/991c4a3f2c1025a79dc6e8aa0b23216404be8f4c.jpg\" alt=\"\" style=\"aspect-ratio:4\/3;object-fit:cover\" srcset=\"https:\/\/info-pms.de\/wp-content\/uploads\/2026\/04\/991c4a3f2c1025a79dc6e8aa0b23216404be8f4c.jpg 1440w, https:\/\/info-pms.de\/wp-content\/uploads\/2026\/04\/991c4a3f2c1025a79dc6e8aa0b23216404be8f4c-300x200.jpg 300w, https:\/\/info-pms.de\/wp-content\/uploads\/2026\/04\/991c4a3f2c1025a79dc6e8aa0b23216404be8f4c-1024x683.jpg 1024w, https:\/\/info-pms.de\/wp-content\/uploads\/2026\/04\/991c4a3f2c1025a79dc6e8aa0b23216404be8f4c-768x512.jpg 768w, https:\/\/info-pms.de\/wp-content\/uploads\/2026\/04\/991c4a3f2c1025a79dc6e8aa0b23216404be8f4c-18x12.jpg 18w\" sizes=\"auto, (max-width: 1440px) 100vw, 1440px\" \/><\/figure>\n\n\n\n<div class=\"wp-block-group is-style-default has-global-padding is-layout-constrained wp-block-group-is-layout-constrained\">\n<h3 class=\"wp-block-heading\">Immigrations- und \u00dcbersetzungsservice<\/h3>\n\n\n\n<p>Wir unterst\u00fctzen Sie kompetent bei Einwanderungsprozessen und bieten pr\u00e4zise Arabisch-Deutsch \u00dcbersetzungen an.<\/p>\n<\/div>\n<\/div>\n<\/div>\n\n\n\n<div class=\"wp-block-column ext-animate--on is-layout-flow wp-block-column-is-layout-flow\">\n<div class=\"wp-block-group is-style-ext-preset--group--natural-1--item-card-1--align-start has-global-padding is-layout-constrained wp-block-group-is-layout-constrained is-style-ext-preset--group--natural-1--item-card-1--align-start--4\">\n<figure class=\"wp-block-image\"><img loading=\"lazy\" decoding=\"async\" width=\"1440\" height=\"960\" class=\"wp-image-34\" src=\"https:\/\/info-pms.de\/wp-content\/uploads\/2026\/04\/0f97da83201bd7bf5c583666cb421bb564ad2464.jpg\" alt=\"\" style=\"aspect-ratio:4\/3;object-fit:cover\" srcset=\"https:\/\/info-pms.de\/wp-content\/uploads\/2026\/04\/0f97da83201bd7bf5c583666cb421bb564ad2464.jpg 1440w, https:\/\/info-pms.de\/wp-content\/uploads\/2026\/04\/0f97da83201bd7bf5c583666cb421bb564ad2464-300x200.jpg 300w, https:\/\/info-pms.de\/wp-content\/uploads\/2026\/04\/0f97da83201bd7bf5c583666cb421bb564ad2464-1024x683.jpg 1024w, https:\/\/info-pms.de\/wp-content\/uploads\/2026\/04\/0f97da83201bd7bf5c583666cb421bb564ad2464-768x512.jpg 768w, https:\/\/info-pms.de\/wp-content\/uploads\/2026\/04\/0f97da83201bd7bf5c583666cb421bb564ad2464-18x12.jpg 18w\" sizes=\"auto, (max-width: 1440px) 100vw, 1440px\" \/><\/figure>\n\n\n\n<div class=\"wp-block-group is-style-default has-global-padding is-layout-constrained wp-block-group-is-layout-constrained\">\n<h3 class=\"wp-block-heading\">Buchhaltungs- und Gesch\u00e4ftssupport<\/h3>\n\n\n\n<p>Diese Leistung stellt sicher, dass Ihre Buchhaltungsvorbereitung und Gesch\u00e4ftsvorg\u00e4nge professionell betreut werden.<\/p>\n<\/div>\n<\/div>\n<\/div>\n<\/div>\n<\/div>\n\n<div class=\"wp-block-group alignfull is-style-ext-preset--group--natural-1--section has-tertiary-background-color has-background has-global-padding is-layout-constrained wp-container-core-group-is-layout-e955bbaf wp-block-group-is-layout-constrained\" id=\"funktionen\" style=\"margin-top:0;margin-bottom:0;padding-top:var(--wp--preset--spacing--70);padding-bottom:var(--wp--preset--spacing--70)\">\n<h2 class=\"wp-block-heading has-text-align-center ext-animate--on\">Professionelle \u00dcbersetzungen Arabisch-Deutsch<\/h2>\n\n\n\n<p class=\"has-text-align-center ext-animate--on\" style=\"margin-top:1.5rem\">Wir unterst\u00fctzen Sie mit zuverl\u00e4ssigen L\u00f6sungen bei Verwaltung, B\u00fcroorganisation und Immigration, die individuellen Bed\u00fcrfnissen von Privatpersonen und Unternehmen gerecht werden.<\/p>\n\n\n\n<div class=\"wp-block-columns alignwide is-layout-flex wp-container-core-columns-is-layout-08c01c1c wp-block-columns-is-layout-flex\">\n<div class=\"wp-block-column ext-animate--on is-layout-flow wp-block-column-is-layout-flow\">\n<div class=\"wp-block-group is-style-ext-preset--group--natural-1--item-card-1--align-center has-global-padding is-layout-constrained wp-block-group-is-layout-constrained is-style-ext-preset--group--natural-1--item-card-1--align-center--6\">\n<figure class=\"wp-block-image\"><img loading=\"lazy\" decoding=\"async\" width=\"1440\" height=\"932\" class=\"wp-image-33\" src=\"https:\/\/info-pms.de\/wp-content\/uploads\/2026\/04\/5ceb825348109169ce411f472ff808dd66dacfd7.jpg\" alt=\"\" style=\"aspect-ratio:4\/3;object-fit:cover\" srcset=\"https:\/\/info-pms.de\/wp-content\/uploads\/2026\/04\/5ceb825348109169ce411f472ff808dd66dacfd7.jpg 1440w, https:\/\/info-pms.de\/wp-content\/uploads\/2026\/04\/5ceb825348109169ce411f472ff808dd66dacfd7-300x194.jpg 300w, https:\/\/info-pms.de\/wp-content\/uploads\/2026\/04\/5ceb825348109169ce411f472ff808dd66dacfd7-1024x663.jpg 1024w, https:\/\/info-pms.de\/wp-content\/uploads\/2026\/04\/5ceb825348109169ce411f472ff808dd66dacfd7-768x497.jpg 768w, https:\/\/info-pms.de\/wp-content\/uploads\/2026\/04\/5ceb825348109169ce411f472ff808dd66dacfd7-18x12.jpg 18w\" sizes=\"auto, (max-width: 1440px) 100vw, 1440px\" \/><\/figure>\n\n\n\n<div class=\"wp-block-group is-style-default has-global-padding is-layout-constrained wp-block-group-is-layout-constrained\">\n<h3 class=\"wp-block-heading has-text-align-center\">Verwaltungsunterst\u00fctzung<\/h3>\n\n\n\n<p class=\"has-text-align-center\">Effiziente Hilfe bei Beh\u00f6rdeng\u00e4ngen und Dokumentenmanagement.<\/p>\n<\/div>\n<\/div>\n<\/div>\n\n\n\n<div class=\"wp-block-column ext-animate--on is-layout-flow wp-block-column-is-layout-flow\">\n<div class=\"wp-block-group is-style-ext-preset--group--natural-1--item-card-1--align-center has-global-padding is-layout-constrained wp-block-group-is-layout-constrained is-style-ext-preset--group--natural-1--item-card-1--align-center--7\">\n<figure class=\"wp-block-image\"><img loading=\"lazy\" decoding=\"async\" width=\"1440\" height=\"960\" class=\"wp-image-32\" src=\"https:\/\/info-pms.de\/wp-content\/uploads\/2026\/04\/991c4a3f2c1025a79dc6e8aa0b23216404be8f4c.jpg\" alt=\"\" style=\"aspect-ratio:4\/3;object-fit:cover\" srcset=\"https:\/\/info-pms.de\/wp-content\/uploads\/2026\/04\/991c4a3f2c1025a79dc6e8aa0b23216404be8f4c.jpg 1440w, https:\/\/info-pms.de\/wp-content\/uploads\/2026\/04\/991c4a3f2c1025a79dc6e8aa0b23216404be8f4c-300x200.jpg 300w, https:\/\/info-pms.de\/wp-content\/uploads\/2026\/04\/991c4a3f2c1025a79dc6e8aa0b23216404be8f4c-1024x683.jpg 1024w, https:\/\/info-pms.de\/wp-content\/uploads\/2026\/04\/991c4a3f2c1025a79dc6e8aa0b23216404be8f4c-768x512.jpg 768w, https:\/\/info-pms.de\/wp-content\/uploads\/2026\/04\/991c4a3f2c1025a79dc6e8aa0b23216404be8f4c-18x12.jpg 18w\" sizes=\"auto, (max-width: 1440px) 100vw, 1440px\" \/><\/figure>\n\n\n\n<div class=\"wp-block-group is-style-default has-global-padding is-layout-constrained wp-block-group-is-layout-constrained\">\n<h3 class=\"wp-block-heading has-text-align-center\">Buchhaltungsvorbereitung<\/h3>\n\n\n\n<p class=\"has-text-align-center\">Zuverl\u00e4ssige Vorbereitung Ihrer Finanzunterlagen f\u00fcr den Jahresabschluss.<\/p>\n<\/div>\n<\/div>\n<\/div>\n\n\n\n<div class=\"wp-block-column ext-animate--on is-layout-flow wp-block-column-is-layout-flow\">\n<div class=\"wp-block-group is-style-ext-preset--group--natural-1--item-card-1--align-center has-global-padding is-layout-constrained wp-block-group-is-layout-constrained is-style-ext-preset--group--natural-1--item-card-1--align-center--8\">\n<figure class=\"wp-block-image\"><img loading=\"lazy\" decoding=\"async\" width=\"1440\" height=\"960\" class=\"wp-image-34\" src=\"https:\/\/info-pms.de\/wp-content\/uploads\/2026\/04\/0f97da83201bd7bf5c583666cb421bb564ad2464.jpg\" alt=\"\" style=\"aspect-ratio:4\/3;object-fit:cover\" srcset=\"https:\/\/info-pms.de\/wp-content\/uploads\/2026\/04\/0f97da83201bd7bf5c583666cb421bb564ad2464.jpg 1440w, https:\/\/info-pms.de\/wp-content\/uploads\/2026\/04\/0f97da83201bd7bf5c583666cb421bb564ad2464-300x200.jpg 300w, https:\/\/info-pms.de\/wp-content\/uploads\/2026\/04\/0f97da83201bd7bf5c583666cb421bb564ad2464-1024x683.jpg 1024w, https:\/\/info-pms.de\/wp-content\/uploads\/2026\/04\/0f97da83201bd7bf5c583666cb421bb564ad2464-768x512.jpg 768w, https:\/\/info-pms.de\/wp-content\/uploads\/2026\/04\/0f97da83201bd7bf5c583666cb421bb564ad2464-18x12.jpg 18w\" sizes=\"auto, (max-width: 1440px) 100vw, 1440px\" \/><\/figure>\n\n\n\n<div class=\"wp-block-group is-style-default has-global-padding is-layout-constrained wp-block-group-is-layout-constrained\">\n<h3 class=\"wp-block-heading has-text-align-center\">B\u00fcro- und Betriebsmanagement<\/h3>\n\n\n\n<p class=\"has-text-align-center\">Organisierte Unterst\u00fctzung f\u00fcr reibungslose Gesch\u00e4ftsabl\u00e4ufe in Ihrem Unternehmen.<\/p>\n<\/div>\n<\/div>\n<\/div>\n<\/div>\n<\/div>\n\n<div class=\"wp-block-group alignfull is-style-ext-preset--group--natural-1--section ext-animate--on has-background-background-color has-background has-global-padding is-layout-constrained wp-container-core-group-is-layout-ab56ae29 wp-block-group-is-layout-constrained\" id=\"jetzt-buchen\" style=\"margin-top:0;margin-bottom:0;padding-top:var(--wp--preset--spacing--70);padding-bottom:var(--wp--preset--spacing--70)\">\n<h2 class=\"wp-block-heading has-text-align-center ext-animate--on\">Ihr kompetenter Partner f\u00fcr effiziente Verwaltungsunterst\u00fctzung<\/h2>\n\n\n\n<p class=\"has-text-align-center ext-animate--on\" style=\"margin-top:1.5rem\">Erfahren Sie, wie Sie Termine z\u00fcgig planen und alle wichtigen Infos erhalten, um Ihre Buchung erfolgreich abzuschlie\u00dfen.<\/p>\n\n\n\n<div class=\"wp-block-group alignwide ext-animate--on has-global-padding is-layout-constrained wp-block-group-is-layout-constrained\"><div class=\"alert-container\">    <div class=\"alert alert-danger\" style=\"font-size: 16px; color: #721c24;background-color: #f8d7da;border-color: #f5c6cb; padding: 20px; border-radius: 5px;\">        <strong>Notice:<\/strong>        This is a demo SimplyBook.me widget.    <\/div><\/div><div id=\"sbw_z0hg2i_calendar\"><\/div><script type=\"text\/javascript\">function instantiateSimplyBookWidget() {    new SimplybookWidget({        \"widget_type\": \"iframe\",        \"url\": \"https:\/\/demowidgetwpplugin.simplybook.it\",        \"theme\": \"default\",        \"theme_settings\": {\"timeline_show_end_time\":false,\"timeline_hide_unavailable\":true,\"hide_past_days\":false,\"hide_img_mode\":true,\"show_sidebar\":true,\"timeline_modern_display\":\"as_slots\",\"display_item_mode\":\"block\",\"sb_base_color\":\"#111111\",\"booking_nav_bg_color\":\"#ffffff\",\"body_bg_color\":\"#f7f7f7\",\"dark_font_color\":\"#494949\",\"light_font_color\":\"var(--wp--custom--elements--button--color--text)\",\"btn_color_1\":\"#ffffff\",\"sb_company_label_color\":\"#ffffff\",\"sb_busy\":\"#111111\",\"sb_available\":\"var(--wp--custom--elements--button--color--background)\",\"sb_review_image\":\"\",\"hide_company_label\":false,\"link_color\":\"var(--wp--custom--elements--button--color--background)\"},        \"timeline\": \"modern\",        \"datepicker\": \"top_calendar\",        \"is_rtl\": \"\",        \"app_config\": {            \"clear_session\": \"1\",            \"allow_switch_to_ada\": \"\",            \"predefined\": [],        },        \"container_id\": \"sbw_z0hg2i_calendar\"    });}document.addEventListener(\"DOMContentLoaded\", instantiateSimplyBookWidget);document.addEventListener(\"loadSimplyBookPreviewWidget\", instantiateSimplyBookWidget);<\/script><\/div>\n<\/div>","protected":false},"excerpt":{"rendered":"<p>Professionelle Verwaltungsunterst\u00fctzung f\u00fcr Privatpersonen und Unternehmen Unsere spezialisierten Leistungen reichen von administrativer Hilfe bis zur Buchhaltungsvorbereitung \u2013 stets mit Fokus auf Pr\u00e4zision und Kundenzufriedenheit. Verwaltungs- und Organisationshilfe Diese Dienstleistung erleichtert Ihre Alltagsplanung durch effiziente und zuverl\u00e4ssige B\u00fcroorganisation. Immigrations- und \u00dcbersetzungsservice Wir unterst\u00fctzen Sie kompetent bei Einwanderungsprozessen und bieten pr\u00e4zise Arabisch-Deutsch \u00dcbersetzungen an. Buchhaltungs- und Gesch\u00e4ftssupport [&hellip;]<\/p>\n","protected":false},"author":1,"featured_media":0,"parent":0,"menu_order":0,"comment_status":"closed","ping_status":"closed","template":"page-with-title","meta":{"footnotes":""},"class_list":["post-19","page","type-page","status-publish","hentry"],"_links":{"self":[{"href":"https:\/\/info-pms.de\/en\/wp-json\/wp\/v2\/pages\/19","targetHints":{"allow":["GET"]}}],"collection":[{"href":"https:\/\/info-pms.de\/en\/wp-json\/wp\/v2\/pages"}],"about":[{"href":"https:\/\/info-pms.de\/en\/wp-json\/wp\/v2\/types\/page"}],"author":[{"embeddable":true,"href":"https:\/\/info-pms.de\/en\/wp-json\/wp\/v2\/users\/1"}],"replies":[{"embeddable":true,"href":"https:\/\/info-pms.de\/en\/wp-json\/wp\/v2\/comments?post=19"}],"version-history":[{"count":1,"href":"https:\/\/info-pms.de\/en\/wp-json\/wp\/v2\/pages\/19\/revisions"}],"predecessor-version":[{"id":44,"href":"https:\/\/info-pms.de\/en\/wp-json\/wp\/v2\/pages\/19\/revisions\/44"}],"wp:attachment":[{"href":"https:\/\/info-pms.de\/en\/wp-json\/wp\/v2\/media?parent=19"}],"curies":[{"name":"wp","href":"https:\/\/api.w.org\/{rel}","templated":true}]}}