{"id":20,"date":"2026-04-12T21:43:31","date_gmt":"2026-04-12T21:43:31","guid":{"rendered":"https:\/\/info-pms.de\/start\/"},"modified":"2026-04-12T23:38:56","modified_gmt":"2026-04-12T23:38:56","slug":"start","status":"publish","type":"page","link":"https:\/\/info-pms.de\/en\/","title":{"rendered":"Start"},"content":{"rendered":"<div class=\"wp-block-group alignfull ext-hero-section is-style-ext-preset--group--natural-1--section ext-animate--on has-background-background-color has-background has-global-padding is-layout-constrained wp-container-core-group-is-layout-e96f6837 wp-block-group-is-layout-constrained\" style=\"margin-top:0;margin-bottom:0;padding-top:0;padding-right:0;padding-bottom:0;padding-left:0\">\n<div class=\"wp-block-cover alignfull has-custom-content-position is-position-bottom-center is-style-ext-preset--cover--natural-1--cover-overlay-1 ext-animate--on is-style-ext-preset--cover--natural-1--cover-overlay-1--2\" style=\"padding-top:var(--wp--preset--spacing--55);padding-right:var(--wp--preset--spacing--30);padding-bottom:var(--wp--preset--spacing--55);padding-left:var(--wp--preset--spacing--30);min-height:80vh;aspect-ratio:unset;\"><span aria-hidden=\"true\" class=\"wp-block-cover__background has-background-dim-80 has-background-dim wp-block-cover__gradient-background has-background-gradient\" style=\"background:linear-gradient(20deg,rgb(1,1,1) 0%,rgba(0,0,0,0.15) 100%)\"><\/span><img loading=\"lazy\" decoding=\"async\" width=\"1440\" height=\"960\" class=\"wp-block-cover__image-background wp-image-32\" alt=\"\" src=\"https:\/\/info-pms.de\/wp-content\/uploads\/2026\/04\/991c4a3f2c1025a79dc6e8aa0b23216404be8f4c.jpg\" data-object-fit=\"cover\" srcset=\"https:\/\/info-pms.de\/wp-content\/uploads\/2026\/04\/991c4a3f2c1025a79dc6e8aa0b23216404be8f4c.jpg 1440w, https:\/\/info-pms.de\/wp-content\/uploads\/2026\/04\/991c4a3f2c1025a79dc6e8aa0b23216404be8f4c-300x200.jpg 300w, https:\/\/info-pms.de\/wp-content\/uploads\/2026\/04\/991c4a3f2c1025a79dc6e8aa0b23216404be8f4c-1024x683.jpg 1024w, https:\/\/info-pms.de\/wp-content\/uploads\/2026\/04\/991c4a3f2c1025a79dc6e8aa0b23216404be8f4c-768x512.jpg 768w, https:\/\/info-pms.de\/wp-content\/uploads\/2026\/04\/991c4a3f2c1025a79dc6e8aa0b23216404be8f4c-18x12.jpg 18w\" sizes=\"auto, (max-width: 1440px) 100vw, 1440px\" \/><div class=\"wp-block-cover__inner-container has-global-padding is-layout-constrained wp-container-core-cover-is-layout-8484a25a wp-block-cover-is-layout-constrained\">\n<div class=\"wp-block-group alignwide ext-is-logical-start ext-animate--on has-global-padding is-content-justification-left is-layout-constrained wp-container-core-group-is-layout-3b932508 wp-block-group-is-layout-constrained\">\n<h1 class=\"wp-block-heading has-text-align-left ext-animate--on has-text-color has-link-color wp-elements-d2ca0ff5b6392efbe18e695b7acbd8f0\" style=\"color:#fefefe\">Effiziente L\u00f6sungen f\u00fcr Ihre Verwaltung<\/h1>\n\n\n\n<div class=\"wp-block-buttons ext-animate--on is-layout-flex wp-block-buttons-is-layout-flex\">\n<div class=\"wp-block-button is-style-ext-preset--button--natural-1--button-1 ext-animate--on is-style-ext-preset--button--natural-1--button-1--3\"><a class=\"wp-block-button__link has-text-color has-background has-link-color wp-element-button\" href=\"https:\/\/info-pms.de\/en\/kontakt\/\" style=\"color:#060606;background-color:#fefefe\">Jetzt entdecken<\/a><\/div>\n<\/div>\n<\/div>\n<\/div><\/div>\n<\/div>\n\n\n\n<div class=\"wp-block-group alignfull is-style-ext-preset--group--natural-1--section has-tertiary-background-color has-background has-global-padding is-layout-constrained wp-block-group-is-layout-constrained\" id=\"ueber\" style=\"margin-top:0;margin-bottom:0;padding-top:var(--wp--preset--spacing--70);padding-bottom:var(--wp--preset--spacing--70)\">\n<h2 class=\"wp-block-heading has-text-align-center ext-animate--on\">Ihr kompetenter Partner f\u00fcr Verwaltungs- und Organisationsl\u00f6sungen<\/h2>\n\n\n\n<p class=\"has-text-align-center ext-animate--on\" style=\"margin-top:1.5rem\">PMS| ProManageSolution unterst\u00fctzt Einzelpersonen und Unternehmen in Deutschland mit ma\u00dfgeschneiderten Services, die von Verwaltungsunterst\u00fctzung und arabisch-deutscher \u00dcbersetzung bis hin zu Buchhaltungsvorbereitung und B\u00fcroorganisation reichen.<\/p>\n<\/div>\n\n\n\n<div class=\"wp-block-group alignfull is-style-ext-preset--group--natural-1--section has-background-background-color has-background has-global-padding is-layout-constrained wp-container-core-group-is-layout-e955bbaf wp-block-group-is-layout-constrained\" id=\"dienstleistungen\" style=\"margin-top:0;margin-bottom:0;padding-top:var(--wp--preset--spacing--70);padding-bottom:var(--wp--preset--spacing--70)\">\n<div class=\"wp-block-group alignwide ext-is-logical-start has-global-padding is-content-justification-left is-layout-constrained wp-container-core-group-is-layout-6729bdbe wp-block-group-is-layout-constrained\">\n<h2 class=\"wp-block-heading ext-animate--on\">ProManageSolution \u2013 Ihr Partner f\u00fcr reibungslose Abl\u00e4ufe<\/h2>\n\n\n\n<p class=\"has-text-align-left ext-animate--on\">Wir unterst\u00fctzen Privatpersonen und Unternehmen in Deutschland mit professionellen Verwaltungs-, \u00dcbersetzungs- und Managementl\u00f6sungen.<\/p>\n<\/div>\n\n\n\n<div class=\"wp-block-columns alignwide is-layout-flex wp-container-core-columns-is-layout-08c01c1c wp-block-columns-is-layout-flex\">\n<div class=\"wp-block-column is-vertically-aligned-stretch ext-animate--on is-layout-flow wp-container-core-column-is-layout-119bc444 wp-block-column-is-layout-flow\">\n<div class=\"wp-block-media-text is-stacked-on-mobile is-image-fill-element is-style-ext-preset--media-text--natural-1--card-1 has-tertiary-background-color has-background is-style-ext-preset--media-text--natural-1--card-1--6\"><figure class=\"wp-block-media-text__media\"><img loading=\"lazy\" decoding=\"async\" width=\"960\" height=\"1440\" class=\"wp-image-41 size-full\" src=\"https:\/\/info-pms.de\/wp-content\/uploads\/2026\/04\/eccdf357ef548a15491d288e6a345ec432c7c8fe.jpg\" alt=\"\" style=\"object-position:50% 50%\" srcset=\"https:\/\/info-pms.de\/wp-content\/uploads\/2026\/04\/eccdf357ef548a15491d288e6a345ec432c7c8fe.jpg 960w, https:\/\/info-pms.de\/wp-content\/uploads\/2026\/04\/eccdf357ef548a15491d288e6a345ec432c7c8fe-200x300.jpg 200w, https:\/\/info-pms.de\/wp-content\/uploads\/2026\/04\/eccdf357ef548a15491d288e6a345ec432c7c8fe-683x1024.jpg 683w, https:\/\/info-pms.de\/wp-content\/uploads\/2026\/04\/eccdf357ef548a15491d288e6a345ec432c7c8fe-768x1152.jpg 768w, https:\/\/info-pms.de\/wp-content\/uploads\/2026\/04\/eccdf357ef548a15491d288e6a345ec432c7c8fe-8x12.jpg 8w\" sizes=\"auto, (max-width: 960px) 100vw, 960px\" \/><\/figure><div class=\"wp-block-media-text__content\">\n\n<div class=\"wp-block-group is-style-default has-global-padding is-layout-constrained wp-container-core-group-is-layout-9a7b35d3 wp-block-group-is-layout-constrained\" style=\"padding-top:var(--wp--preset--spacing--40);padding-right:var(--wp--preset--spacing--30);padding-bottom:var(--wp--preset--spacing--40);padding-left:var(--wp--preset--spacing--30)\">\n\n<h3 class=\"wp-block-heading\" style=\"font-size:clamp(15.747px, 0.984rem + ((1vw - 3.2px) * 0.86), 24px);\">Verwaltungsunterst\u00fctzung f\u00fcr Privatpersonen<\/h3>\n\n\n<p class=\"has-small-font-size\">Effiziente Hilfe bei Beh\u00f6rdeng\u00e4ngen, Dokumentenorganisation und Einwanderungsprozessen.<\/p>\n\n<\/div>\n\n<\/div><\/div>\n<\/div>\n\n\n\n<div class=\"wp-block-column is-vertically-aligned-stretch ext-animate--on is-layout-flow wp-container-core-column-is-layout-119bc444 wp-block-column-is-layout-flow\">\n<div class=\"wp-block-media-text is-stacked-on-mobile is-image-fill-element is-style-ext-preset--media-text--natural-1--card-1 has-tertiary-background-color has-background is-style-ext-preset--media-text--natural-1--card-1--7\"><figure class=\"wp-block-media-text__media\"><img loading=\"lazy\" decoding=\"async\" width=\"1440\" height=\"960\" class=\"wp-image-45 size-full\" src=\"https:\/\/info-pms.de\/wp-content\/uploads\/2026\/04\/429a96c03ceefa129184ba3ddfe750d3cb174bdf.jpg\" alt=\"\" style=\"object-position:50% 50%\" srcset=\"https:\/\/info-pms.de\/wp-content\/uploads\/2026\/04\/429a96c03ceefa129184ba3ddfe750d3cb174bdf.jpg 1440w, https:\/\/info-pms.de\/wp-content\/uploads\/2026\/04\/429a96c03ceefa129184ba3ddfe750d3cb174bdf-300x200.jpg 300w, https:\/\/info-pms.de\/wp-content\/uploads\/2026\/04\/429a96c03ceefa129184ba3ddfe750d3cb174bdf-1024x683.jpg 1024w, https:\/\/info-pms.de\/wp-content\/uploads\/2026\/04\/429a96c03ceefa129184ba3ddfe750d3cb174bdf-768x512.jpg 768w, https:\/\/info-pms.de\/wp-content\/uploads\/2026\/04\/429a96c03ceefa129184ba3ddfe750d3cb174bdf-18x12.jpg 18w\" sizes=\"auto, (max-width: 1440px) 100vw, 1440px\" \/><\/figure><div class=\"wp-block-media-text__content\">\n\n<div class=\"wp-block-group is-style-default has-global-padding is-layout-constrained wp-container-core-group-is-layout-9a7b35d3 wp-block-group-is-layout-constrained\" style=\"padding-top:var(--wp--preset--spacing--40);padding-right:var(--wp--preset--spacing--30);padding-bottom:var(--wp--preset--spacing--40);padding-left:var(--wp--preset--spacing--30)\">\n\n<h3 class=\"wp-block-heading\" style=\"font-size:clamp(15.747px, 0.984rem + ((1vw - 3.2px) * 0.86), 24px);\">B\u00fcro- und Gesch\u00e4ftsmanagement<\/h3>\n\n\n<p class=\"has-small-font-size\">Zuverl\u00e4ssige Betreuung von B\u00fcroabl\u00e4ufen, Buchhaltungsvorbereitung und operativer Unterst\u00fctzung.<\/p>\n\n<\/div>\n\n<\/div><\/div>\n<\/div>\n<\/div>\n\n\n\n<div class=\"wp-block-columns alignwide is-layout-flex wp-container-core-columns-is-layout-967d05ff wp-block-columns-is-layout-flex\" style=\"margin-top:var(--wp--preset--spacing--40)\">\n<div class=\"wp-block-column is-vertically-aligned-stretch ext-animate--on is-layout-flow wp-container-core-column-is-layout-119bc444 wp-block-column-is-layout-flow\">\n<div class=\"wp-block-media-text is-stacked-on-mobile is-image-fill-element is-style-ext-preset--media-text--natural-1--card-1 has-tertiary-background-color has-background is-style-ext-preset--media-text--natural-1--card-1--8\"><figure class=\"wp-block-media-text__media\"><img loading=\"lazy\" decoding=\"async\" width=\"1440\" height=\"960\" class=\"wp-image-46 size-full\" src=\"https:\/\/info-pms.de\/wp-content\/uploads\/2026\/04\/65a4084a9d972985119102fd0ce452f24e559825.jpg\" alt=\"\" style=\"object-position:50% 50%\" srcset=\"https:\/\/info-pms.de\/wp-content\/uploads\/2026\/04\/65a4084a9d972985119102fd0ce452f24e559825.jpg 1440w, https:\/\/info-pms.de\/wp-content\/uploads\/2026\/04\/65a4084a9d972985119102fd0ce452f24e559825-300x200.jpg 300w, https:\/\/info-pms.de\/wp-content\/uploads\/2026\/04\/65a4084a9d972985119102fd0ce452f24e559825-1024x683.jpg 1024w, https:\/\/info-pms.de\/wp-content\/uploads\/2026\/04\/65a4084a9d972985119102fd0ce452f24e559825-768x512.jpg 768w, https:\/\/info-pms.de\/wp-content\/uploads\/2026\/04\/65a4084a9d972985119102fd0ce452f24e559825-18x12.jpg 18w\" sizes=\"auto, (max-width: 1440px) 100vw, 1440px\" \/><\/figure><div class=\"wp-block-media-text__content\">\n\n<div class=\"wp-block-group is-style-default has-global-padding is-layout-constrained wp-container-core-group-is-layout-9a7b35d3 wp-block-group-is-layout-constrained\" style=\"padding-top:var(--wp--preset--spacing--40);padding-right:var(--wp--preset--spacing--30);padding-bottom:var(--wp--preset--spacing--40);padding-left:var(--wp--preset--spacing--30)\">\n\n<h3 class=\"wp-block-heading\" style=\"font-size:clamp(15.747px, 0.984rem + ((1vw - 3.2px) * 0.86), 24px);\">Arabisch-Deutsch \u00dcbersetzungsservice<\/h3>\n\n\n<p class=\"has-small-font-size\">Pr\u00e4zise \u00dcbersetzungen und Dokumentenmanagement f\u00fcr reibungslose Kommunikation.<\/p>\n\n<\/div>\n\n<\/div><\/div>\n<\/div>\n\n\n\n<div class=\"wp-block-column is-vertically-aligned-stretch ext-animate--on is-layout-flow wp-container-core-column-is-layout-119bc444 wp-block-column-is-layout-flow\">\n<div class=\"wp-block-media-text is-stacked-on-mobile is-image-fill-element is-style-ext-preset--media-text--natural-1--card-1 has-tertiary-background-color has-background is-style-ext-preset--media-text--natural-1--card-1--9\"><figure class=\"wp-block-media-text__media\"><img loading=\"lazy\" decoding=\"async\" width=\"1440\" height=\"856\" class=\"wp-image-47 size-full\" src=\"https:\/\/info-pms.de\/wp-content\/uploads\/2026\/04\/48dceee9503cb8493ec76eca3eebe3acfc29f9e9.jpg\" alt=\"\" style=\"object-position:50% 50%\" srcset=\"https:\/\/info-pms.de\/wp-content\/uploads\/2026\/04\/48dceee9503cb8493ec76eca3eebe3acfc29f9e9.jpg 1440w, https:\/\/info-pms.de\/wp-content\/uploads\/2026\/04\/48dceee9503cb8493ec76eca3eebe3acfc29f9e9-300x178.jpg 300w, https:\/\/info-pms.de\/wp-content\/uploads\/2026\/04\/48dceee9503cb8493ec76eca3eebe3acfc29f9e9-1024x609.jpg 1024w, https:\/\/info-pms.de\/wp-content\/uploads\/2026\/04\/48dceee9503cb8493ec76eca3eebe3acfc29f9e9-768x457.jpg 768w, https:\/\/info-pms.de\/wp-content\/uploads\/2026\/04\/48dceee9503cb8493ec76eca3eebe3acfc29f9e9-18x12.jpg 18w\" sizes=\"auto, (max-width: 1440px) 100vw, 1440px\" \/><\/figure><div class=\"wp-block-media-text__content\">\n\n<div class=\"wp-block-group is-style-default has-global-padding is-layout-constrained wp-container-core-group-is-layout-9a7b35d3 wp-block-group-is-layout-constrained\" style=\"padding-top:var(--wp--preset--spacing--40);padding-right:var(--wp--preset--spacing--30);padding-bottom:var(--wp--preset--spacing--40);padding-left:var(--wp--preset--spacing--30)\">\n\n<h3 class=\"wp-block-heading\" style=\"font-size:clamp(15.747px, 0.984rem + ((1vw - 3.2px) * 0.86), 24px);\">Individuelle Beratung und Betreuung<\/h3>\n\n\n<p class=\"has-small-font-size\">Pers\u00f6nlicher Service, der Ihre Anforderungen ins Zentrum stellt und zufriedenstellt.<\/p>\n\n<\/div>\n\n<\/div><\/div>\n<\/div>\n<\/div>\n<\/div>\n\n\n\n<div class=\"wp-block-group alignfull is-style-ext-preset--group--natural-1--section has-tertiary-background-color has-background has-global-padding is-layout-constrained wp-container-core-group-is-layout-f72f1611 wp-block-group-is-layout-constrained\" id=\"funktionen\" style=\"margin-top:0;margin-bottom:0;padding-top:var(--wp--preset--spacing--70);padding-bottom:var(--wp--preset--spacing--70)\">\n<div class=\"wp-block-group alignwide ext-is-logical-start has-global-padding is-content-justification-left is-layout-constrained wp-container-core-group-is-layout-6729bdbe wp-block-group-is-layout-constrained\">\n<h2 class=\"wp-block-heading ext-animate--on\">Willkommen bei PMS| ProManageSolution \u2013 Ihr Partner f\u00fcr effiziente Verwaltung<\/h2>\n\n\n\n<p class=\"has-text-align-left ext-animate--on\">PMS| ProManageSolution unterst\u00fctzt Privatpersonen und Unternehmen in Deutschland mit individuellen L\u00f6sungen f\u00fcr Verwaltung, B\u00fcroorganisation und Dokumentenmanagement.<\/p>\n<\/div>\n\n\n\n<div class=\"wp-block-columns alignwide is-layout-flex wp-container-core-columns-is-layout-08c01c1c wp-block-columns-is-layout-flex\">\n<div class=\"wp-block-column is-vertically-aligned-stretch ext-animate--on is-layout-flow wp-container-core-column-is-layout-f5bb311e wp-block-column-is-layout-flow\">\n<div class=\"wp-block-group is-style-ext-preset--group--natural-1--item-card-1--align-start has-global-padding is-layout-constrained wp-block-group-is-layout-constrained is-style-ext-preset--group--natural-1--item-card-1--align-start--11\">\n<div class=\"wp-block-group is-style-default has-global-padding is-layout-constrained wp-block-group-is-layout-constrained\">\n<figure class=\"wp-block-image size-large ext-aspect-landscape wp-duotone-primary-foreground\"><img decoding=\"async\" src=\"data:image\/svg+xml;base64,PHN2ZyB4bWxucz0iaHR0cDovL3d3dy53My5vcmcvMjAwMC9zdmciIHdpZHRoPSI0OCIgaGVpZ2h0PSI0OCIgZmlsbD0iIzAwMDAwMCIgdmlld0JveD0iMCAwIDI1NiAyNTYiPjxwYXRoIGQ9Ik0xNzIsNzZhNDQsNDQsMCwxLDAtNDQsNDRBNDQuMDUsNDQuMDUsMCwwLDAsMTcyLDc2Wm0tNDQsMjhhMjgsMjgsMCwxLDEsMjgtMjhBMjgsMjgsMCwwLDEsMTI4LDEwNFptNjAsMjRhNDQsNDQsMCwxLDAsNDQsNDRBNDQuMDUsNDQuMDUsMCwwLDAsMTg4LDEyOFptMCw3MmEyOCwyOCwwLDEsMSwyOC0yOEEyOCwyOCwwLDAsMSwxODgsMjAwWk02OCwxMjhhNDQsNDQsMCwxLDAsNDQsNDRBNDQuMDUsNDQuMDUsMCwwLDAsNjgsMTI4Wm0wLDcyYTI4LDI4LDAsMSwxLDI4LTI4QTI4LDI4LDAsMCwxLDY4LDIwMFoiPjwvcGF0aD48L3N2Zz4=\" alt=\"\" style=\"object-fit:cover\"\/><\/figure>\n\n\n\n<h3 class=\"wp-block-heading\">Verwaltungsunterst\u00fctzung<\/h3>\n\n\n\n<p>Erleichtern Sie Ihren Alltag mit professioneller Hilfe bei Beh\u00f6rdeng\u00e4ngen und Dokumentenorganisation.<\/p>\n<\/div>\n<\/div>\n<\/div>\n\n\n\n<div class=\"wp-block-column is-vertically-aligned-stretch ext-animate--on is-layout-flow wp-container-core-column-is-layout-f5bb311e wp-block-column-is-layout-flow\">\n<div class=\"wp-block-group is-style-ext-preset--group--natural-1--item-card-1--align-start has-global-padding is-layout-constrained wp-block-group-is-layout-constrained is-style-ext-preset--group--natural-1--item-card-1--align-start--12\">\n<div class=\"wp-block-group is-style-default has-global-padding is-layout-constrained wp-block-group-is-layout-constrained\">\n<figure class=\"wp-block-image size-large ext-aspect-landscape wp-duotone-primary-foreground\"><img decoding=\"async\" src=\"data:image\/svg+xml;base64,PHN2ZyB4bWxucz0iaHR0cDovL3d3dy53My5vcmcvMjAwMC9zdmciIHdpZHRoPSI0OCIgaGVpZ2h0PSI0OCIgZmlsbD0iIzAwMDAwMCIgdmlld0JveD0iMCAwIDI1NiAyNTYiPjxwYXRoIGQ9Ik04MCw0MGE0MCw0MCwwLDEsMCw0MCw0MEE0MCw0MCwwLDAsMCw4MCw0MFptMCw2NGEyNCwyNCwwLDEsMSwyNC0yNEEyNCwyNCwwLDAsMSw4MCwxMDRabTk2LDE2YTQwLDQwLDAsMSwwLTQwLTQwQTQwLDQwLDAsMCwwLDE3NiwxMjBabTAtNjRhMjQsMjQsMCwxLDEtMjQsMjRBMjQsMjQsMCwwLDEsMTc2LDU2Wk04MCwxMzZhNDAsNDAsMCwxLDAsNDAsNDBBNDAsNDAsMCwwLDAsODAsMTM2Wm0wLDY0YTI0LDI0LDAsMSwxLDI0LTI0QTI0LDI0LDAsMCwxLDgwLDIwMFptOTYtNjRhNDAsNDAsMCwxLDAsNDAsNDBBNDAsNDAsMCwwLDAsMTc2LDEzNlptMCw2NGEyNCwyNCwwLDEsMSwyNC0yNEEyNCwyNCwwLDAsMSwxNzYsMjAwWiI+PC9wYXRoPjwvc3ZnPg==\" alt=\"\" style=\"object-fit:cover\"\/><\/figure>\n\n\n\n<h3 class=\"wp-block-heading\">B\u00fcromanagement f\u00fcr Unternehmen<\/h3>\n\n\n\n<p>Optimieren Sie Ihre Gesch\u00e4ftsabl\u00e4ufe durch zuverl\u00e4ssige B\u00fcroorganisation und operative Unterst\u00fctzung.<\/p>\n<\/div>\n<\/div>\n<\/div>\n\n\n\n<div class=\"wp-block-column is-vertically-aligned-stretch ext-animate--on is-layout-flow wp-container-core-column-is-layout-f5bb311e wp-block-column-is-layout-flow\">\n<div class=\"wp-block-group is-style-ext-preset--group--natural-1--item-card-1--align-start has-global-padding is-layout-constrained wp-block-group-is-layout-constrained is-style-ext-preset--group--natural-1--item-card-1--align-start--13\">\n<div class=\"wp-block-group is-style-default has-global-padding is-layout-constrained wp-block-group-is-layout-constrained\">\n<figure class=\"wp-block-image size-large ext-aspect-landscape wp-duotone-primary-foreground\"><img decoding=\"async\" src=\"data:image\/svg+xml;base64,PHN2ZyB4bWxucz0iaHR0cDovL3d3dy53My5vcmcvMjAwMC9zdmciIHdpZHRoPSI0OCIgaGVpZ2h0PSI0OCIgZmlsbD0iIzAwMDAwMCIgdmlld0JveD0iMCAwIDI1NiAyNTYiPjxwYXRoIGQ9Ik04MCw0MGE0MCw0MCwwLDEsMCw0MCw0MEE0MCw0MCwwLDAsMCw4MCw0MFptMCw2NGEyNCwyNCwwLDEsMSwyNC0yNEEyNCwyNCwwLDAsMSw4MCwxMDRabTk2LDE2YTQwLDQwLDAsMSwwLTQwLTQwQTQwLDQwLDAsMCwwLDE3NiwxMjBabTAtNjRhMjQsMjQsMCwxLDEtMjQsMjRBMjQsMjQsMCwwLDEsMTc2LDU2Wk04MCwxMzZhNDAsNDAsMCwxLDAsNDAsNDBBNDAsNDAsMCwwLDAsODAsMTM2Wm0wLDY0YTI0LDI0LDAsMSwxLDI0LTI0QTI0LDI0LDAsMCwxLDgwLDIwMFptMTM2LTI0YTgsOCwwLDAsMS04LDhIMTg0djI0YTgsOCwwLDAsMS0xNiwwVjE4NEgxNDRhOCw4LDAsMCwxLDAtMTZoMjRWMTQ0YTgsOCwwLDAsMSwxNiwwdjI0aDI0QTgsOCwwLDAsMSwyMTYsMTc2WiI+PC9wYXRoPjwvc3ZnPg==\" alt=\"\" style=\"object-fit:cover\"\/><\/figure>\n\n\n\n<h3 class=\"wp-block-heading\">Mehrsprachige \u00dcbersetzungen<\/h3>\n\n\n\n<p>Fachkundige arabisch-deutsche \u00dcbersetzungen zur Unterst\u00fctzung bei Einwanderung und Dokumenten.<\/p>\n<\/div>\n<\/div>\n<\/div>\n<\/div>\n<\/div>\n\n\n\n<div class=\"wp-block-group alignfull is-style-ext-preset--group--natural-1--section ext-animate--on has-background-background-color has-background has-global-padding is-layout-constrained wp-container-core-group-is-layout-ab56ae29 wp-block-group-is-layout-constrained\" id=\"jetzt-buchen\" style=\"margin-top:0;margin-bottom:0;padding-top:var(--wp--preset--spacing--70);padding-bottom:var(--wp--preset--spacing--70)\">\n<h2 class=\"wp-block-heading has-text-align-center ext-animate--on\">Professionelle \u00dcbersetzungen Arabisch-Deutsch f\u00fcr Ihre Dokumente<\/h2>\n\n\n\n<p class=\"has-text-align-center ext-animate--on\" style=\"margin-top:1.5rem\">Erfahren Sie, wie Sie Termine einfach und sicher buchen k\u00f6nnen \u2013 alle wichtigen Infos f\u00fcr einen reibungslosen Ablauf.<\/p>\n\n\n\n<div class=\"wp-block-group alignwide ext-animate--on has-global-padding is-layout-constrained wp-block-group-is-layout-constrained\"><div class=\"alert-container\">    <div class=\"alert alert-danger\" style=\"font-size: 16px; color: #721c24;background-color: #f8d7da;border-color: #f5c6cb; padding: 20px; border-radius: 5px;\">        <strong>Notice:<\/strong>        This is a demo SimplyBook.me widget.    <\/div><\/div><div id=\"sbw_z0hg2i_calendar\"><\/div><script type=\"text\/javascript\">function instantiateSimplyBookWidget() {    new SimplybookWidget({        \"widget_type\": \"iframe\",        \"url\": \"https:\/\/demowidgetwpplugin.simplybook.it\",        \"theme\": \"default\",        \"theme_settings\": {\"timeline_show_end_time\":false,\"timeline_hide_unavailable\":true,\"hide_past_days\":false,\"hide_img_mode\":true,\"show_sidebar\":true,\"timeline_modern_display\":\"as_slots\",\"display_item_mode\":\"block\",\"sb_base_color\":\"#111111\",\"booking_nav_bg_color\":\"#ffffff\",\"body_bg_color\":\"#f7f7f7\",\"dark_font_color\":\"#494949\",\"light_font_color\":\"var(--wp--custom--elements--button--color--text)\",\"btn_color_1\":\"#ffffff\",\"sb_company_label_color\":\"#ffffff\",\"sb_busy\":\"#111111\",\"sb_available\":\"var(--wp--custom--elements--button--color--background)\",\"sb_review_image\":\"\",\"hide_company_label\":false,\"link_color\":\"var(--wp--custom--elements--button--color--background)\"},        \"timeline\": \"modern\",        \"datepicker\": \"top_calendar\",        \"is_rtl\": \"\",        \"app_config\": {            \"clear_session\": \"1\",            \"allow_switch_to_ada\": \"\",            \"predefined\": [],        },        \"container_id\": \"sbw_z0hg2i_calendar\"    });}document.addEventListener(\"DOMContentLoaded\", instantiateSimplyBookWidget);document.addEventListener(\"loadSimplyBookPreviewWidget\", instantiateSimplyBookWidget);<\/script><\/div>\n<\/div>\n\n\n\n<div class=\"wp-block-group alignfull is-style-ext-preset--group--natural-1--section ext-animate--off has-tertiary-background-color has-background has-global-padding is-layout-constrained wp-block-group-is-layout-constrained\" id=\"kontakt\" style=\"margin-top:0;margin-bottom:0;padding-top:var(--wp--preset--spacing--70);padding-bottom:var(--wp--preset--spacing--70)\">\n<div class=\"wp-block-media-text alignwide is-stacked-on-mobile is-image-fill-element is-style-ext-preset--media-text--natural-1--card-1 ext-animate--on has-background-background-color has-background is-style-ext-preset--media-text--natural-1--card-1--16\" style=\"grid-template-columns:48% auto\"><figure class=\"wp-block-media-text__media\"><img loading=\"lazy\" decoding=\"async\" width=\"1440\" height=\"960\" class=\"wp-image-48 size-full\" src=\"https:\/\/info-pms.de\/wp-content\/uploads\/2026\/04\/435e295f55d3076e37f64a1e7d21525f27c4c9d3.jpg\" alt=\"\" style=\"object-position:50% 50%\" srcset=\"https:\/\/info-pms.de\/wp-content\/uploads\/2026\/04\/435e295f55d3076e37f64a1e7d21525f27c4c9d3.jpg 1440w, https:\/\/info-pms.de\/wp-content\/uploads\/2026\/04\/435e295f55d3076e37f64a1e7d21525f27c4c9d3-300x200.jpg 300w, https:\/\/info-pms.de\/wp-content\/uploads\/2026\/04\/435e295f55d3076e37f64a1e7d21525f27c4c9d3-1024x683.jpg 1024w, https:\/\/info-pms.de\/wp-content\/uploads\/2026\/04\/435e295f55d3076e37f64a1e7d21525f27c4c9d3-768x512.jpg 768w, https:\/\/info-pms.de\/wp-content\/uploads\/2026\/04\/435e295f55d3076e37f64a1e7d21525f27c4c9d3-18x12.jpg 18w\" sizes=\"auto, (max-width: 1440px) 100vw, 1440px\" \/><\/figure><div class=\"wp-block-media-text__content\">\n\n<div class=\"wp-block-group alignwide ext-animate--off has-global-padding is-layout-constrained wp-container-core-group-is-layout-48493932 wp-block-group-is-layout-constrained\" style=\"padding-top:var(--wp--preset--spacing--55);padding-right:var(--wp--preset--spacing--55);padding-bottom:var(--wp--preset--spacing--55);padding-left:var(--wp--preset--spacing--55)\">\n\n<div class=\"wp-block-contact-form-7-contact-form-selector\"><p class=\"wpcf7-contact-form-not-found\"><strong>Error:<\/strong> Contact form not found.<\/p><\/div>\n\n<\/div>\n\n<\/div><\/div>\n<\/div>","protected":false},"excerpt":{"rendered":"<p>Ihr kompetenter Partner f\u00fcr Verwaltungs- und Organisationsl\u00f6sungen PMS| ProManageSolution unterst\u00fctzt Einzelpersonen und Unternehmen in Deutschland mit ma\u00dfgeschneiderten Services, die von Verwaltungsunterst\u00fctzung und arabisch-deutscher \u00dcbersetzung bis hin zu Buchhaltungsvorbereitung und B\u00fcroorganisation reichen. ProManageSolution \u2013 Ihr Partner f\u00fcr reibungslose Abl\u00e4ufe Wir unterst\u00fctzen Privatpersonen und Unternehmen in Deutschland mit professionellen Verwaltungs-, \u00dcbersetzungs- und Managementl\u00f6sungen. Verwaltungsunterst\u00fctzung f\u00fcr Privatpersonen Effiziente [&hellip;]<\/p>\n","protected":false},"author":1,"featured_media":0,"parent":0,"menu_order":0,"comment_status":"closed","ping_status":"closed","template":"no-title","meta":{"footnotes":""},"class_list":["post-20","page","type-page","status-publish","hentry"],"_links":{"self":[{"href":"https:\/\/info-pms.de\/en\/wp-json\/wp\/v2\/pages\/20","targetHints":{"allow":["GET"]}}],"collection":[{"href":"https:\/\/info-pms.de\/en\/wp-json\/wp\/v2\/pages"}],"about":[{"href":"https:\/\/info-pms.de\/en\/wp-json\/wp\/v2\/types\/page"}],"author":[{"embeddable":true,"href":"https:\/\/info-pms.de\/en\/wp-json\/wp\/v2\/users\/1"}],"replies":[{"embeddable":true,"href":"https:\/\/info-pms.de\/en\/wp-json\/wp\/v2\/comments?post=20"}],"version-history":[{"count":3,"href":"https:\/\/info-pms.de\/en\/wp-json\/wp\/v2\/pages\/20\/revisions"}],"predecessor-version":[{"id":103,"href":"https:\/\/info-pms.de\/en\/wp-json\/wp\/v2\/pages\/20\/revisions\/103"}],"wp:attachment":[{"href":"https:\/\/info-pms.de\/en\/wp-json\/wp\/v2\/media?parent=20"}],"curies":[{"name":"wp","href":"https:\/\/api.w.org\/{rel}","templated":true}]}}